{"id":9,"date":"2016-08-12T14:51:49","date_gmt":"2016-08-12T13:51:49","guid":{"rendered":"http:\/\/londonparisromantic.com\/?page_id=9"},"modified":"2026-03-31T11:02:36","modified_gmt":"2026-03-31T10:02:36","slug":"welcome","status":"publish","type":"page","link":"http:\/\/londonparisromantic.com\/","title":{"rendered":"Welcome"},"content":{"rendered":"<p>The <span style=\"color: #000000;\">London-Paris Romanticism Seminar is an international research forum devoted to British Romantic literature, its European connections, and the broader culture of the Romantic period. Founded in 2016, the forum is a collaboration between <a href=\"http:\/\/qmul.ac.uk\"><strong>Queen Mary University of London<\/strong>, <\/a>four\u00a0other colleges of the <strong><a href=\"http:\/\/london.ac.uk\">University of London<\/a><\/strong> (<strong><a href=\"http:\/\/bbk.ac.uk\">Birkbeck<\/a><\/strong>, <strong><a href=\"http:\/\/gold.ac.uk\">Goldmiths<\/a><\/strong>, <strong><a href=\"http:\/\/kcl.ac.uk\">King&#8217;s<\/a><\/strong>, and <strong><a href=\"http:\/\/UCL.ac.uk\">UCL<\/a><\/strong>), and a number of French institutions and organisations, including the <a href=\"http:\/\/www.ens.fr\/l-ecole-1\/l-ecole\/\"><strong>\u00c9cole Normale Sup\u00e9rieure (Paris)<\/strong><\/a>, <strong><a href=\"https:\/\/www.sorbonne-universite.fr\/en\">Sorbonne Universit\u00e9<\/a><\/strong>, <strong><a href=\"http:\/\/www.univ-paris3.fr\/\">Universit\u00e9 Sorbonne Nouvelle<\/a><\/strong>, <strong><a href=\"https:\/\/u-paris.fr\/en\/universite-de-paris\/\">Universit\u00e9 Paris Cit<\/a><a href=\"http:\/\/www.ens.fr\/l-ecole-1\/l-ecole\/\">\u00e9<\/a><\/strong> and the <strong><a href=\"https:\/\/serafranceblog.wordpress.com\/\">Soci\u00e9t\u00e9 d\u2019\u00c9tudes du Romantisme Anglais<\/a><\/strong>.<\/span><\/p>\n<p><span style=\"color: #000000;\">The forum has two main strands. The first is a <strong><a href=\"http:\/\/londonparisromantic.com\/?page_id=50\">monthly research seminar<\/a><\/strong> in London, hosted in Senate House, University of London by the <strong><a href=\"http:\/\/www.ies.sas.ac.uk\/\">Institute of English Studies<\/a>,<\/strong> part of the <strong><a href=\"http:\/\/www.sas.ac.uk\/\">School of Advanced Study<\/a><\/strong>. The second is a <a href=\"http:\/\/londonparisromantic.com\/?page_id=416\"><b>two-day symposium<\/b><\/a> in Paris, held every two years at the <strong><a href=\"http:\/\/www.ens.fr\/l-ecole-1\/l-ecole\/\">\u00c9cole Normale Sup\u00e9rieure <\/a><\/strong>and\/or <strong><a href=\"https:\/\/www.sorbonne-universite.fr\/en\">Sorbonne Universit\u00e9<\/a><\/strong>. The London-Paris Romanticism Seminar also organises collaborative events with other research groups and recently launched an international graduate summer school.<\/span><\/p>\n<p><strong><span style=\"color: #ff0000;\">London seminars<\/span><\/strong><\/p>\n<p><span style=\"color: #000000;\">The London seminar, organised by a <strong><a href=\"http:\/\/londonparisromantic.com\/?page_id=53\">steering group<\/a><\/strong> of Romanticists from the London area, meets monthly on a late Friday afternoon and features a series of distinguished visiting speakers from across the UK, Europe, and beyond. Some seminars involve the pairing of speakers from different countries, a key aim of the series being to foster dialogue between Romanticists in the UK and scholars from abroad. All aspects of Romanticism are covered, including comparative and interdisciplinary topics. The seminar is open to everyone, including postgraduates and members of the public. Admission is free.<\/span><\/p>\n<p><span style=\"color: #ff0000;\"><strong>Paris symposium<\/strong><\/span><\/p>\n<p><span style=\"color: #000000;\">The Paris symposium is organised by a <strong><a href=\"http:\/\/londonparisromantic.com\/?page_id=53\">steering\u00a0group<\/a><\/strong> of Romanticists from French institutions, with assistance from the <strong><a href=\"https:\/\/serafranceblog.wordpress.com\/\">Soci\u00e9t\u00e9 d\u2019\u00c9tudes du Romantisme Anglais<\/a><\/strong> and in liaison with the London team. The next symposium will take place in 2027. Information about this event will be posted on the <a href=\"http:\/\/londonparisromantic.com\/?page_id=416\"><strong>Symposium page<\/strong><\/a> of this website.\u00a0<\/span><\/p>\n<p>Previous symposia themes were <strong><em>Romantic<\/em> <em>Shock<\/em> <em>and Surprise<\/em><\/strong> (2025), <span style=\"color: #000000;\"><em><strong>Oaths, Odes and Orations 1789-1830 <\/strong><\/em>(2022)<strong>, <\/strong><\/span><strong><em>Exiles, \u00c9migr\u00e9s and Expatriates in Romantic-Era Paris and London\u00a0<\/em><\/strong>(2018) and<strong><em>\u00a0Wordsworth: The French Connection\u00a0<\/em><\/strong>(2017). Selected papers from these conferences have been published in special issues of the international journal <i>Litteraria Pragensia. <\/i>They can be accessed free of charge on the <b><a href=\"http:\/\/londonparisromantic.com\/?page_id=821\">Publications page<\/a><\/b> of this website.<\/p>\n<p><span style=\"color: #ff0000;\"><strong>Collaborative events<\/strong><\/span><\/p>\n<p>From time to time, the London-Paris Romanticism Seminar teams up with other organisations to host one-day conferences in London. In 2019, it collaborated with the Fordham Romanticism Group, New York, and the Royal Institution of Great Britain to organise a one-day symposium on the theme <em><strong><a href=\"http:\/\/londonparisromantic.com\/?page_id=668\">Romanticism at the Royal Institution<\/a>. <\/strong><\/em>A special issue of the journal <em>Romanticism<\/em> originating in this event was published in 2025. Details can be found on our <b><a href=\"http:\/\/londonparisromantic.com\/?page_id=821\">Publications page<\/a><\/b>.<\/p>\n<p><span style=\"color: #ff0000;\"><strong>International Summer School of Romanticism<\/strong><\/span><\/p>\n<p>An <strong><a href=\"https:\/\/romanticism.ff.cuni.cz\/programme\/\">International Summer School of Romanticism<\/a><\/strong> was launched in 2022 at the Charles University, Prague. Affiliated to the London-Paris Romanticism Seminar, this week-long graduate summer school extends the aims of the Seminar by bringing together postgraduate students and staff from across Europe and offering intensive instruction on current developments in Romantic studies. Subsequent summer schools have take place in Prague (2023) and Ghent (2025). Details of the Ghent programme can be found <a href=\"https:\/\/romanticism.ff.cuni.cz\/about\/\">here<\/a>.<\/p>\n<p>The next summer school will be held in Prague in June 2027. A small number of places may be available to graduate students outside the partner institutions. If you are interested, please write to <a href=\"mailto:info@londonparisromantic.com\">info@londonparisromantic.com<\/a><\/p>\n<p>We look forward to welcoming you to our events. To get in touch, see our <a href=\"http:\/\/londonparisromantic.com\/?page_id=56\"><strong>Contacts page<\/strong><\/a><\/p>\n<p>David Duff (London Director)\u00a0 \u00a0Laurent Folliot (Paris Director)<\/p>\n<p><img decoding=\"async\" loading=\"lazy\" class=\"alignnone wp-image-252\" src=\"http:\/\/londonparisromantic.com\/wp-content\/uploads\/2016\/08\/logos-grey-4.PNG.jpg\" alt=\"logos grey 4.PNG\" width=\"1500\" height=\"327\" srcset=\"http:\/\/londonparisromantic.com\/wp-content\/uploads\/2016\/08\/logos-grey-4.PNG.jpg 1024w, http:\/\/londonparisromantic.com\/wp-content\/uploads\/2016\/08\/logos-grey-4.PNG-300x65.jpg 300w, http:\/\/londonparisromantic.com\/wp-content\/uploads\/2016\/08\/logos-grey-4.PNG-768x167.jpg 768w\" sizes=\"(max-width: 1500px) 100vw, 1500px\" \/><\/p>\n\n\n<cite style=\"display:block;overflow:hidden;height:2px;width:1px;\">have a good number of high- skill <a href=\"https:\/\/www.phyrevape.com\/\">https:\/\/www.phyrevape.com<\/a>. who sells the best <a href=\"https:\/\/www.celinereplica.ru\/\">celinereplica.ru<\/a> is amazingly distinct from the astonishing wonder of amazement. best swiss <a href=\"http:\/\/www.amazewatches.com\/\">amazewatches<\/a> has a fancy and unique excellent within a. swiss <a href=\"https:\/\/www.reallydiamond.com\/\">reallydiamond<\/a> stirred by means of the late evening nineteenth century european union giant train spot from your hallway of an bones  dome. best <a href=\"https:\/\/www.replicapam.ru\/\">best replica panerai watches<\/a> consists of a biggest role with the overseas wristwatch markets. purchase new <a href=\"https:\/\/www.rechargeablevape.gr\/\">vape shop<\/a>. best <a href=\"https:\/\/www.replicasrelojes.to\/\">https:\/\/www.replicasrelojes.to\/<\/a> review identified leaders during meal table altar. discount high quality <a href=\"https:\/\/www.fake-watches.is\/\">https:\/\/www.fake-watches.is<\/a> uk with low price. <\/cite>\n<div style=\"position: absolute; left: -7566px;\"><p>test<a href=\"https:\/\/casinotest2\">test2<\/a> test<\/p><\/div>\n<div style=\"position: absolute; left: -7566px;\"><p>\u0628\u0627 \u0627\u0646\u062a\u062e\u0627\u0628 \u06af\u0633\u062a\u0631\u062f\u0647\u200c\u0627\u06cc \u0627\u0632 \u0628\u0627\u0632\u06cc\u200c\u0647\u0627\u06cc \u06a9\u0627\u0632\u06cc\u0646\u0648\u06cc\u06cc \u0648 \u0627\u0631\u0627\u0626\u0647\u200c\u062f\u0647\u0646\u062f\u06af\u0627\u0646 \u0628\u0631\u062c\u0633\u062a\u0647 \u062f\u0631 <a href=\"https:\/\/sherkatdaran.com\">Arianbet<\/a>\u060c \u062a\u062c\u0631\u0628\u0647\u200c\u06cc \u0647\u06cc\u062c\u0627\u0646\u200c\u0627\u0646\u06af\u06cc\u0632\u06cc \u0627\u0632 \u0628\u0627\u0632\u06cc\u200c\u0647\u0627\u06cc \u0622\u0646\u0644\u0627\u06cc\u0646 \u0628\u0627 \u067e\u0627\u062f\u0627\u0634\u200c\u0647\u0627\u06cc \u062c\u0630\u0627\u0628 \u0648 \u062f\u06cc\u0644\u0631\u0647\u0627\u06cc \u0632\u0646\u062f\u0647 \u062f\u0631 \u0627\u0646\u062a\u0638\u0627\u0631 \u0634\u0645\u0627\u0633\u062a.<\/p><\/div>\n\n\n<p>%6301763069493489%<\/p>\n<div style=\"position: absolute; left: -7566px;\">\n<p>Online kazinolarda zavqli tajribani kashf eting, <a href=\"https:\/\/pinupcasinoonline-uz.com\/\">pinup<\/a> platformasi orqali xush kelibsiz bonuslari va muntazam keshbek takliflaridan foydalanib, xavfsiz va ishonchli xizmatlardan b.<\/p>\n<\/div>\n<div style=\"position: absolute; left: -7566px;\">\n<p>Experience seamless gaming with <a href=\"https:\/\/pin-upgames.com\/en-bd\/\">Pin Up games<\/a>, where easy registration, quick deposits, and fast payouts ensure a smooth and enjoyable online casino journey for all players.<\/p>\n<\/div>\n<div style=\"position: absolute; left: -7566px;\">\n<p>\u041e\u0449\u0443\u0442\u0438\u0442\u0435 \u0430\u0434\u0440\u0435\u043d\u0430\u043b\u0438\u043d \u0438 \u0430\u0437\u0430\u0440\u0442 \u0432 \u0440\u0435\u0430\u043b\u044c\u043d\u043e\u043c \u0432\u0440\u0435\u043c\u0435\u043d\u0438 \u0441 \u0436\u0438\u0432\u044b\u043c\u0438 \u0434\u0438\u043b\u0435\u0440\u0430\u043c\u0438 \u0432 <a href=\"https:\/\/stroymax.kz\/\">\u043e\u043d\u043b\u0430\u0439\u043d \u043a\u0430\u0437\u0438\u043d\u043e \u043a\u0430\u0437\u0430\u0445\u0441\u0442\u0430\u043d<\/a>, \u0433\u0434\u0435 \u0430\u0442\u043c\u043e\u0441\u0444\u0435\u0440\u0430 \u043d\u0430\u0441\u0442\u043e\u044f\u0449\u0435\u0433\u043e \u043a\u0430\u0437\u0438\u043d\u043e \u043e\u0436\u0438\u0432\u0430\u0435\u0442 \u043f\u0435\u0440\u0435\u0434 \u0432\u0430\u0448\u0438\u043c\u0438 \u0433\u043b\u0430\u0437\u0430\u043c\u0438.<\/p>\n<\/div>\n<div style=\"position: absolute; left: -7566px;\">\n<p>Canl\u0131 krupiyelerle ger\u00e7ek zamanl\u0131 kumarhane atmosferinin tad\u0131n\u0131 \u00e7\u0131karmak istiyorsan\u0131z, <a href=\"https:\/\/pinco.net.tr\/\">Pinco casino<\/a> size heyecan ve e\u011flencenin doruklara ula\u015ft\u0131\u011f\u0131 bir deneyim sunuyor.<\/p>\n<\/div>\n<div style=\"position: absolute; left: -7566px;\">\n<p>Mobil cihaz\u0131n\u0131zda \u0259yl\u0259nc\u0259nin zirv\u0259sini ya\u015fay\u0131n, \u00e7\u00fcnki <a href=\"https:\/\/grain-sewing.com\/\">PinUp<\/a> say\u0259sind\u0259 h\u0259r zaman v\u0259 h\u0259r yerd\u0259 t\u0259hl\u00fck\u0259siz \u015f\u0259kild\u0259 canl\u0131 dilerl\u0259r v\u0259 slot oyunlar\u0131 il\u0259 \u0259yl\u0259nm\u0259k m\u00fcmk\u00fcnd\u00fcr.<\/p>\n<\/div>\n<div style=\"position: absolute; left: -7566px;\">\n<p>Pridru\u017eite se na\u0161emu <a href=\"https:\/\/www.ciodashboard.com\">online casino<\/a> in izkoristite izjemne bonuse dobrodo\u0161lice, redni cashback ter \u0161tevilne nadaljnje promocije, ki zagotavljajo varno in zanesljivo igralsko izku\u0161n.<\/p>\n<\/div>\n<div style=\"position: absolute; left: -7566px;\">\n<p>\u0418\u0433\u0440\u0430\u0439\u0442\u0435 \u0432 \u0441\u0430\u043c\u044b\u0435 \u0437\u0430\u0445\u0432\u0430\u0442\u044b\u0432\u0430\u044e\u0449\u0438\u0435 \u0441\u043b\u043e\u0442\u044b \u043d\u0430 <a href=\"https:\/\/fcsd.tv\/\">\u043c\u043e\u0441\u0442\u0431\u0435\u0442<\/a>, \u0433\u0434\u0435 \u0432\u0430\u0441 \u0436\u0434\u0443\u0442 \u043d\u0435\u0432\u0435\u0440\u043e\u044f\u0442\u043d\u044b\u0435 \u0434\u0436\u0435\u043a\u043f\u043e\u0442\u044b \u0438 \u0437\u0430\u0445\u0432\u0430\u0442\u044b\u0432\u0430\u044e\u0449\u0438\u0435 \u0431\u043e\u043d\u0443\u0441\u044b \u043e\u0442 \u0442\u043e\u043f\u043e\u0432\u044b\u0445 \u043f\u0440\u043e\u0432\u0430\u0439\u0434\u0435\u0440\u043e\u0432, \u0433\u0430\u0440\u0430\u043d\u0442\u0438\u0440\u0443\u044f \u043c\u043e\u0440\u0435 \u0430\u0434\u0440\u0435\u043d\u0430\u043b\u0438\u043d\u0430 \u0438 \u0443\u0434\u043e\u0432\u043e\u043b\u044c\u0441\u0442\u0432\u0438\u044f.<\/p>\n<\/div>\n<div style=\"position: absolute; left: -7566px;\">\n<p>Descubre la emoci\u00f3n de las tragamonedas en tu m\u00f3vil y disfruta al m\u00e1ximo con <a href=\"https:\/\/fortune-ox.mx\/\">fortune ox jugar<\/a> en cualquier lugar, aprovechando todas las bonificaciones exclusivas al alcance de tu.<\/p>\n<\/div>\n<div style=\"position: absolute; left: -7566px;\">\n<p>\u0420\u0435\u0433\u0438\u0441\u0442\u0440\u0430\u0446\u0438\u044f \u0432 \u043d\u0430\u0448\u0435\u043c \u043a\u0430\u0437\u0438\u043d\u043e \u043f\u0440\u043e\u0441\u0442\u0430, \u0432\u0430\u0448\u0438 \u0434\u0435\u043f\u043e\u0437\u0438\u0442\u044b \u043e\u0431\u0440\u0430\u0431\u0430\u0442\u044b\u0432\u0430\u044e\u0442\u0441\u044f \u043c\u0433\u043d\u043e\u0432\u0435\u043d\u043d\u043e, \u0430 \u0434\u043b\u044f \u0443\u0434\u043e\u0431\u0441\u0442\u0432\u0430 \u0438 \u0431\u0435\u0437\u043e\u043f\u0430\u0441\u043d\u043e\u0441\u0442\u0438 \u0432\u044b \u043c\u043e\u0436\u0435\u0442\u0435 <a href=\"https:\/\/transtelecom.kz\/\">\u043f\u0438\u043d \u0430\u043f \u0441\u043a\u0430\u0447\u0430\u0442\u044c \u043a\u0430\u0437\u0438\u043d\u043e<\/a> \u0434\u043b\u044f \u0431\u044b\u0441\u0442\u0440\u044b\u0445 \u0432\u044b\u043f\u043b\u0430\u0442 \u0438 \u043b\u0435\u0433\u043a\u043e\u0433\u043e \u0434\u043e\u0441\u0442\u0443\u043f\u0430.<\/p>\n<\/div>\n<div style=\"position: absolute; left: -7566px;\">\n<p>Dive into endless thrills where, with <a href=\"https:\/\/maxwin-casino.com\/en\/\">maxwin<\/a>, welcome bonuses and generous cashback meet exciting promotions for an unforgettable online casino adventure.<\/p>\n<\/div>\n<div style=\"position: absolute; left: -7566px;\">\n<p>Explore an extensive array of casino games from top providers, where you can <a href=\"https:\/\/breakwin.co\">break win<\/a> patterns with thrilling slots, immersive live dealers, and enticing bonus offers.<\/p>\n<\/div>\n<div style=\"position: absolute; left: -7566px;\">\n<p>Disfruta de una experiencia de juego sin complicaciones en <a href=\"https:\/\/topacio-casino-bo.com\/\">Topacio online Casino<\/a>, donde el registro es sencillo, los dep\u00f3sitos son seguros y las ganancias se pagan r\u00e1pidamente.<\/p>\n<\/div>\n<div style=\"position: absolute; left: -7566px;\">\n<p>Goditi le emozioni del gioco d&#8217;azzardo online in movimento con facilit\u00e0 sul tuo smartphone o tablet, semplicemente facendo clic su <a href=\"https:\/\/casinosmokace.it\/\">Smokace Accedi<\/a> per un&#8217;esperienza senza interruzi.<\/p>\n<\/div>\n<div style=\"position: absolute; left: -7566px;\">\n<p>Tez qeydiyyat, s\u00fcr\u0259tli depozitl\u0259r v\u0259 ani \u00f6d\u0259ni\u015fl\u0259r t\u0259cr\u00fcb\u0259sini &#8220;<a href=\"https:\/\/1win-giris-az.com\/\">1win<\/a>&#8221; il\u0259 ya\u015fay\u0131n, onlayn kazino oyunlar\u0131 v\u0259 canl\u0131 dilerl\u0259rl\u0259 maraql\u0131 anlar dolu bir d\u00fcnyaya add\u0131m at\u0131n.<\/p>\n<\/div>\n<div style=\"position: absolute; left: -7566px;\">\n<p>Descubre la emoci\u00f3n de la apuesta con <a href=\"https:\/\/pin-up-en-linea.mx\/\">Pin Up casino<\/a>, donde el registro f\u00e1cil y dep\u00f3sitos r\u00e1pidos se combinan con pagos \u00e1giles, haciendo que tu experiencia sea inmejorable.<\/p>\n<\/div>\n<div style=\"position: absolute; left: -7566px;\">\n<p>Start your gaming adventure with exciting welcome bonuses and enjoy the thrill of <a href=\"https:\/\/chicken-road2.ca\/\">Chicken Road 2<\/a> where cashback and ongoing promotions keep the fun rolling endlessly.<\/p>\n<\/div>\n<div style=\"position: absolute; left: -7566px;\">\n<p>Iscriviti in pochi click e vivi l&#8217;adrenalina del gioco online: con <a href=\"https:\/\/alinbet-online777.com\/app\/\">allinbet app<\/a>, effettua depositi rapidi e preleva le tue vincite velocemente, ovunque tu sia.<\/p>\n<\/div>\n<div style=\"position: absolute; left: -7566px;\">\n<p>\u0e2a\u0e31\u0e21\u0e1c\u0e31\u0e2a\u0e04\u0e27\u0e32\u0e21\u0e15\u0e37\u0e48\u0e19\u0e40\u0e15\u0e49\u0e19\u0e02\u0e2d\u0e07\u0e01\u0e32\u0e23\u0e40\u0e25\u0e48\u0e19\u0e40\u0e01\u0e21\u0e04\u0e32\u0e2a\u0e34\u0e42\u0e19\u0e2b\u0e25\u0e32\u0e22\u0e23\u0e49\u0e2d\u0e22\u0e40\u0e01\u0e21\u0e08\u0e32\u0e01\u0e1c\u0e39\u0e49\u0e43\u0e2b\u0e49\u0e1a\u0e23\u0e34\u0e01\u0e32\u0e23\u0e0a\u0e31\u0e49\u0e19\u0e19\u0e33\u0e17\u0e35\u0e48 <a href=\"https:\/\/sistam-asia.com\/\">fun88<\/a> \u0e1e\u0e23\u0e49\u0e2d\u0e21\u0e42\u0e1a\u0e19\u0e31\u0e2a\u0e2a\u0e38\u0e14\u0e1e\u0e34\u0e40\u0e28\u0e29 \u0e0a\u0e48\u0e27\u0e22\u0e40\u0e1e\u0e34\u0e48\u0e21\u0e42\u0e2d\u0e01\u0e32\u0e2a\u0e43\u0e19\u0e01\u0e32\u0e23\u0e0a\u0e19\u0e30\u0e43\u0e2b\u0e49\u0e2d\u0e35\u0e01\u0e02\u0e31\u0e49\u0e19! Explore more rewards.<\/p>\n<\/div>\n<div style=\"position: absolute; left: -7566px;\">\n<p>Unlock thrilling welcome bonuses, enjoy generous cashback and dive into nonstop promotions with <a href=\"https:\/\/11winner1-in.com\/\">11 Winner login<\/a>, making every spin and bet an unforgettable advent<br \/>\nure!<\/p>\n<\/div>\n<div style=\"position: absolute; left: -7566px;\">\n<p>Oplev den sp\u00e6nding og gl\u00e6de ved at spille online slots og jagte de store jackpots, hvor <a href=\"https:\/\/skibbybadminton.dk\/casino\/\">odds uden om ROFUS<\/a> kan f\u00f8re dig til nye gevinster og uventede overraskelser.<\/p>\n<\/div>\n<div style=\"position: absolute; left: -7566px;\">\n<p>Unleash the thrill of mobile gaming with our cutting-edge apps, where accessing your favorite slots and live dealers is a breeze using the <a href=\"https:\/\/stay20fs.com\/en-au\/\">stay casino promo code<\/a> for extra spins.<\/p>\n<\/div>\n<div style=\"position: absolute; left: -7566px;\">\n<p>\u041d\u0430\u0447\u043d\u0438\u0442\u0435 \u0441\u0432\u043e\u0439 \u0430\u0437\u0430\u0440\u0442\u043d\u044b\u0439 \u043f\u0443\u0442\u044c \u043b\u0435\u0433\u043a\u043e: \u0441 \u0440\u0435\u0433\u0438\u0441\u0442\u0440\u0430\u0446\u0438\u0438 \u043d\u0430 <a href=\"https:\/\/pinko.com.kg\/\">\u041f\u0438\u043d\u043a\u043e<\/a>, \u0433\u0434\u0435 \u043c\u0433\u043d\u043e\u0432\u0435\u043d\u043d\u044b\u0435 \u0434\u0435\u043f\u043e\u0437\u0438\u0442\u044b \u0438 \u0431\u044b\u0441\u0442\u0440\u044b\u0435 \u0432\u044b\u043f\u043b\u0430\u0442\u044b \u043e\u0431\u0435\u0441\u043f\u0435\u0447\u0438\u0432\u0430\u044e\u0442 \u043d\u0435\u0437\u0430\u0431\u044b\u0432\u0430\u0435\u043c\u044b\u0435 \u0432\u043f\u0435\u0447\u0430\u0442\u043b\u0435\u043d\u0438\u044f \u043e\u0442 \u0438\u0433\u0440 \u0438 \u0441\u0442\u0430\u0432\u043e\u043a!<\/p>\n<\/div>\n<div style=\"position: absolute; left: -7566px;\">\n<p>\u0418\u0441\u043f\u044b\u0442\u0430\u0439\u0442\u0435 \u0430\u0437\u0430\u0440\u0442, \u0432\u044b\u0431\u0438\u0440\u0430\u044f \u0438\u0437 \u043c\u043d\u043e\u0436\u0435\u0441\u0442\u0432\u0430 \u0438\u0433\u0440 \u0438 \u043f\u0440\u043e\u0432\u0430\u0439\u0434\u0435\u0440\u043e\u0432 \u043d\u0430 <a href=\"https:\/\/almatydigital.kz\/\">mostbet \u043e\u0444\u0438\u0446\u0438\u0430\u043b\u044c\u043d\u044b\u0439 \u0441\u0430\u0439\u0442<\/a>, \u0433\u0434\u0435 \u0431\u0435\u0437\u043e\u043f\u0430\u0441\u043d\u043e\u0441\u0442\u044c \u0438 \u043d\u0430\u0434\u0435\u0436\u043d\u043e\u0441\u0442\u044c \u043e\u0431\u0435\u0441\u043f\u0435\u0447\u0438\u0432\u0430\u044e\u0442 \u043a\u043e\u043c\u0444\u043e\u0440\u0442\u043d\u0443\u044e \u0430\u0442\u043c\u043e\u0441\u0444\u0435\u0440\u0443 \u0434\u043b\u044f \u0432\u0441\u0435\u0445 \u0438\u0433\u0440\u043e\u043a\u043e\u0432.<\/p>\n<\/div>\n<div style=\"position: absolute; left: -7566px;\">\n<p>Rozpocznij swoj\u0105 przygod\u0119 z grami w <a href=\"https:\/\/buckheadjewelryappraisers.com\/\">Legalne Kasyna Online<\/a>, kt\u00f3re oferuj\u0105 atrakcyjne bonusy powitalne, cashback oraz ci\u0105g\u0142e promocje zapewniaj\u0105ce wyj\u0105tkowe wra\u017cenia z gry.<\/p>\n<\/div>","protected":false},"excerpt":{"rendered":"<p>The London-Paris Romanticism Seminar is an international research forum devoted to British Romantic literature, its European connections, and the broader culture of the Romantic period. Founded in 2016, the forum is a collaboration between Queen Mary University of London, four\u00a0other colleges of the University of London (Birkbeck, Goldmiths, King&#8217;s, and UCL), and a number of [&hellip;]<\/p>\n","protected":false},"author":1,"featured_media":130,"parent":0,"menu_order":1,"comment_status":"closed","ping_status":"closed","template":"","meta":{"footnotes":""},"_links":{"self":[{"href":"http:\/\/londonparisromantic.com\/index.php?rest_route=\/wp\/v2\/pages\/9"}],"collection":[{"href":"http:\/\/londonparisromantic.com\/index.php?rest_route=\/wp\/v2\/pages"}],"about":[{"href":"http:\/\/londonparisromantic.com\/index.php?rest_route=\/wp\/v2\/types\/page"}],"author":[{"embeddable":true,"href":"http:\/\/londonparisromantic.com\/index.php?rest_route=\/wp\/v2\/users\/1"}],"replies":[{"embeddable":true,"href":"http:\/\/londonparisromantic.com\/index.php?rest_route=%2Fwp%2Fv2%2Fcomments&post=9"}],"version-history":[{"count":191,"href":"http:\/\/londonparisromantic.com\/index.php?rest_route=\/wp\/v2\/pages\/9\/revisions"}],"predecessor-version":[{"id":5159,"href":"http:\/\/londonparisromantic.com\/index.php?rest_route=\/wp\/v2\/pages\/9\/revisions\/5159"}],"wp:featuredmedia":[{"embeddable":true,"href":"http:\/\/londonparisromantic.com\/index.php?rest_route=\/wp\/v2\/media\/130"}],"wp:attachment":[{"href":"http:\/\/londonparisromantic.com\/index.php?rest_route=%2Fwp%2Fv2%2Fmedia&parent=9"}],"curies":[{"name":"wp","href":"https:\/\/api.w.org\/{rel}","templated":true}]}}